{"id":21952,"date":"2023-04-03T10:09:30","date_gmt":"2023-04-03T10:09:30","guid":{"rendered":"https:\/\/cultura.fitt.ro\/?page_id=21952"},"modified":"2024-03-11T11:51:36","modified_gmt":"2024-03-11T11:51:36","slug":"initiere-in-chitara","status":"publish","type":"page","link":"https:\/\/cultura.fitt.ro\/en\/cursuri\/initiere-in-chitara\/","title":{"rendered":"Introduction to guitar"},"content":{"rendered":"<p>[et_pb_section fb_built=&#8221;1&#8243; custom_padding_last_edited=&#8221;off|desktop&#8221; admin_label=&#8221;Header&#8221; _builder_version=&#8221;4.19.4&#8243; _module_preset=&#8221;default&#8221; background_enable_color=&#8221;off&#8221; background_image=&#8221;https:\/\/cultura.fitt.ro\/wp-content\/uploads\/2023\/04\/pexels-pixabay-33597-1-scaled.jpg&#8221; custom_padding=&#8221;8vw||8vw||true|false&#8221; custom_padding_tablet=&#8221;80px||80px||true|false&#8221; custom_padding_phone=&#8221;50px||50px||true|false&#8221; global_colors_info=&#8221;{}&#8221;][et_pb_row column_structure=&#8221;1_2,1_2&#8243; _builder_version=&#8221;4.16&#8243; _module_preset=&#8221;default&#8221; global_colors_info=&#8221;{}&#8221;][et_pb_column type=&#8221;1_2&#8243; _builder_version=&#8221;4.16&#8243; _module_preset=&#8221;default&#8221; global_colors_info=&#8221;{}&#8221;][\/et_pb_column][et_pb_column type=&#8221;1_2&#8243; _builder_version=&#8221;4.16&#8243; _module_preset=&#8221;default&#8221; global_colors_info=&#8221;{}&#8221;][et_pb_text _builder_version=&#8221;4.16&#8243; _module_preset=&#8221;77bd6224-541c-4dfa-aa0c-4832456a9557&#8243; header_font=&#8221;Kumbh Sans|700|||||||&#8221; header_text_color=&#8221;#000000&#8243; header_font_size=&#8221;110px&#8221; header_line_height=&#8221;1.1em&#8221; custom_margin=&#8221;||0px||false|false&#8221; header_font_size_tablet=&#8221;52px&#8221; header_font_size_phone=&#8221;30px&#8221; header_font_size_last_edited=&#8221;on|tablet&#8221; global_colors_info=&#8221;{}&#8221;]<\/p>\n<h1><span style=\"color: #ffffff;\">About the course<\/span><\/h1>\n<p>[\/et_pb_text][et_pb_text _builder_version=&#8221;4.19.4&#8243; _module_preset=&#8221;abe15537-a205-41f8-9025-7356e956fa93&#8243; header_font=&#8221;||||||||&#8221; header_3_font=&#8221;PT Serif||||||||&#8221; header_3_text_color=&#8221;#000000&#8243; header_3_font_size=&#8221;35px&#8221; header_3_line_height=&#8221;1.4em&#8221; header_3_font_size_tablet=&#8221;28px&#8221; header_3_font_size_phone=&#8221;20px&#8221; header_3_font_size_last_edited=&#8221;on|phone&#8221; locked=&#8221;off&#8221; global_colors_info=&#8221;{}&#8221;]<\/p>\n<h3><span style=\"color: #ffffff;\">\u00a0chords |<\/span><\/h3>\n<h3 class=\" translation-block\">folk strumming<\/h3>\n<p>[\/et_pb_text][et_pb_blurb title=&#8221;Ini\u021biere \u00een chitar\u0103&#8221; image=&#8221;https:\/\/cultura.fitt.ro\/wp-content\/uploads\/2023\/04\/chitar.png&#8221; icon_placement=&#8221;left&#8221; image_icon_width=&#8221;140px&#8221; content_max_width=&#8221;100%&#8221; icon_placement_tablet=&#8221;top&#8221; icon_placement_phone=&#8221;top&#8221; icon_placement_last_edited=&#8221;on|phone&#8221; image_icon_width_tablet=&#8221;72px&#8221; image_icon_width_phone=&#8221;64px&#8221; image_icon_width_last_edited=&#8221;off|phone&#8221; _builder_version=&#8221;4.19.4&#8243; _module_preset=&#8221;344bc1af-019a-4436-916e-103cfef8575f&#8221; header_font=&#8221;PT Serif|700|||||||&#8221; header_text_color=&#8221;#000000&#8243; header_font_size=&#8221;22px&#8221; header_line_height=&#8221;1.4em&#8221; body_font_size=&#8221;16px&#8221; body_line_height=&#8221;1.8em&#8221; background_color=&#8221;#FFFFFF&#8221; image_icon_custom_padding_tablet=&#8221;&#8221; image_icon_custom_padding_phone=&#8221;&#8221; image_icon_custom_padding_last_edited=&#8221;on|phone&#8221; custom_padding=&#8221;40px|40px|40px|40px|true|true&#8221; custom_padding_tablet=&#8221;30px|30px|30px|30px|true|true&#8221; custom_padding_phone=&#8221;20px|20px|20px|20px|true|true&#8221; custom_padding_last_edited=&#8221;on|phone&#8221; animation=&#8221;off&#8221; header_font_size_tablet=&#8221;18px&#8221; header_font_size_phone=&#8221;16px&#8221; header_font_size_last_edited=&#8221;on|tablet&#8221; body_font_size_tablet=&#8221;14px&#8221; body_font_size_phone=&#8221;12px&#8221; body_font_size_last_edited=&#8221;on|phone&#8221; border_radii=&#8221;on|10px|10px|10px|10px&#8221; border_width_all_image_tablet=&#8221;&#8221; border_width_all_image_phone=&#8221;&#8221; border_width_all_image_last_edited=&#8221;on|desktop&#8221; image_max_width=&#8221;96px&#8221; image_max_width_tablet=&#8221;72px&#8221; image_max_width_phone=&#8221;64px&#8221; image_max_width_last_edited=&#8221;off|phone&#8221; locked=&#8221;off&#8221; global_colors_info=&#8221;{}&#8221;]<\/p>\n<p class=\" translation-block\">In this class we will learn to recognize notes on the guitar, play chords, explore different rhythms, but most importantly, we will put all of these concepts into practice by playing together.<\/p>\n<p>[\/et_pb_blurb][\/et_pb_column][\/et_pb_row][\/et_pb_section][et_pb_section fb_built=&#8221;1&#8243; custom_padding_last_edited=&#8221;on|phone&#8221; admin_label=&#8221;About&#8221; _builder_version=&#8221;4.19.4&#8243; _module_preset=&#8221;default&#8221; background_color=&#8221;#FFFFFF&#8221; background_enable_image=&#8221;off&#8221; custom_padding=&#8221;150px||150px||true|false&#8221; custom_padding_tablet=&#8221;80px||80px||true|false&#8221; custom_padding_phone=&#8221;50px||50px||true|false&#8221; global_colors_info=&#8221;{%22gcid-3f11ce70-d83b-4c70-bcdc-193eab5653a8%22:%91%93,%22gcid-9b6d33f9-def0-4b28-b6f6-d4797450b15e%22:%91%93}&#8221;][et_pb_row _builder_version=&#8221;4.19.4&#8243; _module_preset=&#8221;default&#8221; global_colors_info=&#8221;{}&#8221;][et_pb_column type=&#8221;4_4&#8243; _builder_version=&#8221;4.16&#8243; _module_preset=&#8221;default&#8221; global_colors_info=&#8221;{}&#8221;][et_pb_text _builder_version=&#8221;4.19.4&#8243; _module_preset=&#8221;ff6010ed-8333-42ba-9eaa-c589a4f31085&#8243; header_2_font=&#8221;Kumbh Sans|700|||||||&#8221; header_2_text_color=&#8221;#000000&#8243; header_2_font_size=&#8221;146px&#8221; header_2_line_height=&#8221;1.2em&#8221; header_2_font_size_tablet=&#8221;65px&#8221; header_2_font_size_phone=&#8221;43px&#8221; header_2_font_size_last_edited=&#8221;on|phone&#8221; global_colors_info=&#8221;{}&#8221;]<\/p>\n<h2>INTRODUCTION TO GUITAR<\/h2>\n<p>[\/et_pb_text][\/et_pb_column][\/et_pb_row][et_pb_row column_structure=&#8221;3_5,2_5&#8243; custom_padding_last_edited=&#8221;on|phone&#8221; _builder_version=&#8221;4.19.4&#8243; _module_preset=&#8221;default&#8221; background_color=&#8221;#000000&#8243; custom_padding=&#8221;60px|60px|60px|60px|true|true&#8221; custom_padding_tablet=&#8221;30px|40px|30px|40px|true|true&#8221; custom_padding_phone=&#8221;|20px||20px|false|true&#8221; border_radii=&#8221;on|20px|20px|20px|20px&#8221; box_shadow_style=&#8221;preset3&#8243; box_shadow_vertical=&#8221;64px&#8221; box_shadow_blur=&#8221;40px&#8221; box_shadow_spread=&#8221;-24px&#8221; box_shadow_color=&#8221;rgba(0,0,0,0.5)&#8221; global_colors_info=&#8221;{%22gcid-9b6d33f9-def0-4b28-b6f6-d4797450b15e%22:%91%93,%22gcid-e9cf049c-a19c-439f-a6f5-4d50714a124d%22:%91%93,%22gcid-b891c937-c256-45e5-b832-f41a43349cb5%22:%91%93}&#8221;][et_pb_column type=&#8221;3_5&#8243; _builder_version=&#8221;4.16&#8243; _module_preset=&#8221;default&#8221; global_colors_info=&#8221;{}&#8221;][et_pb_text _builder_version=&#8221;4.16&#8243; _module_preset=&#8221;7d59c7f9-fac0-4ece-80e8-b60ee27645eb&#8221; text_font=&#8221;PT Serif||||||||&#8221; text_font_size=&#8221;20px&#8221; text_line_height=&#8221;1.9em&#8221; background_layout=&#8221;dark&#8221; text_font_size_tablet=&#8221;16px&#8221; text_font_size_phone=&#8221;14px&#8221; text_font_size_last_edited=&#8221;on|desktop&#8221; locked=&#8221;off&#8221; global_colors_info=&#8221;{}&#8221;]<\/p>\n<p class=\" translation-block\">Music can be seen as a universal language that allows us to communicate and express emotions and thoughts through sounds and rhythms.  The guitar is one of the most popular musical instruments in the world and can be used in a variety of musical genres, from rock to classical music.<\/p>\n<p class=\" translation-block\">The course is not just about learning to play the guitar, it's about discovering your passion for music and exploring your creativity through this wonderful instrument.<\/p>\n<p><span class=\"NormalTextRun SCXW120349312 BCX8\"><\/span><\/p>\n<p>[\/et_pb_text][\/et_pb_column][et_pb_column type=&#8221;2_5&#8243; _builder_version=&#8221;4.19.4&#8243; _module_preset=&#8221;default&#8221; global_colors_info=&#8221;{}&#8221;][et_pb_team_member name=&#8221;Constantin-Alexandru Dulic\u0103&#8221; position=&#8221;Trainer de muzic\u0103&#8221; image_url=&#8221;https:\/\/cultura.fitt.ro\/wp-content\/uploads\/2023\/04\/285858130_5108655845916066_2636657039755604442_n-1.jpg.jpg&#8221; _builder_version=&#8221;4.19.4&#8243; _module_preset=&#8221;default&#8221; header_text_color=&#8221;#FFFFFF&#8221; border_radii_image=&#8221;on|292px|292px|292px|292px&#8221; global_colors_info=&#8221;{}&#8221;]<\/p>\n<p>alexandru.dulica@fitt.ro<\/p>\n<p>[\/et_pb_team_member][et_pb_accordion open_toggle_text_color=&#8221;#000000&#8243; open_toggle_background_color=&#8221;#FEBD2D&#8221; closed_toggle_background_color=&#8221;rgba(255,255,255,0.1)&#8221; icon_color=&#8221;#FEBD2D&#8221; _builder_version=&#8221;4.19.4&#8243; _module_preset=&#8221;default&#8221; toggle_text_color=&#8221;#FFFFFF&#8221; toggle_font=&#8221;PT Serif|700|||||||&#8221; toggle_font_size=&#8221;20px&#8221; toggle_line_height=&#8221;1.8em&#8221; body_font=&#8221;|600|||||||&#8221; body_text_color=&#8221;rgba(0,0,0,0.6)&#8221; body_font_size=&#8221;16px&#8221; body_line_height=&#8221;1.8em&#8221; link_option_url_new_window=&#8221;on&#8221; hover_enabled=&#8221;0&#8243; border_radii=&#8221;on|10px|10px|10px|10px&#8221; border_width_all=&#8221;0px&#8221; global_colors_info=&#8221;{}&#8221; sticky_enabled=&#8221;0&#8243;][et_pb_accordion_item title=&#8221;Durata curs&#8221; _builder_version=&#8221;4.19.4&#8243; _module_preset=&#8221;default&#8221; global_colors_info=&#8221;{}&#8221; open=&#8221;off&#8221;]<\/p>\n<p>1 hour per week<\/p>\n<p>&nbsp;<\/p>\n<p>[\/et_pb_accordion_item][et_pb_accordion_item title=&#8221;Perioada desfasurare&#8221; open=&#8221;off&#8221; _builder_version=&#8221;4.19.4&#8243; _module_preset=&#8221;default&#8221; hover_enabled=&#8221;0&#8243; global_colors_info=&#8221;{}&#8221; sticky_enabled=&#8221;0&#8243;]<\/p>\n<p>The exact period will be announced soon.<\/p>\n<p>Group 1 (10 - 14 years old) : every Friday, from 15:00<\/p>\n<p>Group 2 (15 - 19 years old) : every Friday, from 16:15<\/p>\n<p>&nbsp;<\/p>\n<p>[\/et_pb_accordion_item][et_pb_accordion_item title=&#8221;Locuri disponibile&#8221; _builder_version=&#8221;4.16&#8243; _module_preset=&#8221;default&#8221; global_colors_info=&#8221;{}&#8221; open=&#8221;on&#8221;]<\/p>\n<p><strong>Group 1<\/strong><br \/>10 - 14 years old: 10 spots<\/p>\n<p><strong>Group 2<\/strong><br \/>15 - 18 years old: 10 spots<\/p>\n<p>&nbsp;<\/p>\n<p>[\/et_pb_accordion_item][\/et_pb_accordion][et_pb_button button_url=&#8221;https:\/\/forms.office.com\/e\/2nZnkfXiUS&#8221; url_new_window=&#8221;on&#8221; button_text=&#8221;Inscrie-te&#8221; _builder_version=&#8221;4.19.4&#8243; _module_preset=&#8221;default&#8221; custom_button=&#8221;on&#8221; button_text_color=&#8221;#000000&#8243; button_bg_color=&#8221;#FFFFFF&#8221; button_border_color=&#8221;#FFFFFF&#8221; hover_enabled=&#8221;0&#8243; global_colors_info=&#8221;{}&#8221; sticky_enabled=&#8221;0&#8243;][\/et_pb_button][\/et_pb_column][\/et_pb_row][\/et_pb_section][et_pb_section fb_built=&#8221;1&#8243; _builder_version=&#8221;4.19.4&#8243; _module_preset=&#8221;default&#8221; global_colors_info=&#8221;{}&#8221;][et_pb_row _builder_version=&#8221;4.19.4&#8243; _module_preset=&#8221;default&#8221; global_colors_info=&#8221;{}&#8221;][et_pb_column type=&#8221;4_4&#8243; _builder_version=&#8221;4.19.4&#8243; _module_preset=&#8221;default&#8221; global_colors_info=&#8221;{}&#8221;][et_pb_text _builder_version=&#8221;4.19.4&#8243; _module_preset=&#8221;default&#8221; global_colors_info=&#8221;{}&#8221;]<\/p>\n<p class=\" translation-block\">For the smooth running of the courses we ask you to treat the attendance to the classes with responsibility. If participants accumulate two consecutive non-attendances or their overall attendance is not constant we reserve the right to suspend their entry in the course.<\/p>\n<p>[\/et_pb_text][\/et_pb_column][\/et_pb_row][\/et_pb_section][et_pb_section fb_built=&#8221;1&#8243; admin_label=&#8221;Testimonials&#8221; _builder_version=&#8221;4.19.4&#8243; _module_preset=&#8221;default&#8221; background_color=&#8221;#43535E&#8221; background_enable_image=&#8221;off&#8221; background_last_edited=&#8221;on|tablet&#8221; use_background_color_gradient_tablet=&#8221;on&#8221; background_color_gradient_stops_tablet=&#8221;rgba(246,240,231,0.8) 0%|rgba(246,240,231,0.8) 100%&#8221; background_color_gradient_overlays_image_tablet=&#8221;on&#8221; background_color_gradient_start_tablet=&#8221;rgba(246,240,231,0.8)&#8221; background_color_gradient_end_tablet=&#8221;rgba(246,240,231,0.8)&#8221; global_colors_info=&#8221;{}&#8221;][et_pb_row column_structure=&#8221;3_5,2_5&#8243; _builder_version=&#8221;4.19.4&#8243; _module_preset=&#8221;default&#8221; width=&#8221;90%&#8221; box_shadow_style=&#8221;preset7&#8243; locked=&#8221;off&#8221; global_colors_info=&#8221;{}&#8221;][et_pb_column type=&#8221;3_5&#8243; _builder_version=&#8221;4.16&#8243; _module_preset=&#8221;default&#8221; global_colors_info=&#8221;{}&#8221;][et_pb_text _builder_version=&#8221;4.19.4&#8243; _module_preset=&#8221;default&#8221; text_text_color=&#8221;#FFFFFF&#8221; header_text_color=&#8221;#FFFFFF&#8221; transform_scale=&#8221;102%|102%&#8221; transform_scale_tablet=&#8221;102%|102%&#8221; transform_scale_phone=&#8221;97%|97%&#8221; transform_scale_last_edited=&#8221;on|desktop&#8221; transform_translate=&#8221;44px|11px&#8221; transform_translate_tablet=&#8221;44px|11px&#8221; transform_translate_phone=&#8221;18px|-23px&#8221; transform_translate_last_edited=&#8221;on|phone&#8221; transform_translate_linked=&#8221;off&#8221; transform_rotate_tablet=&#8221;&#8221; transform_rotate_phone=&#8221;&#8221; transform_rotate_last_edited=&#8221;on|phone&#8221; transform_skew_tablet=&#8221;&#8221; transform_skew_phone=&#8221;&#8221; transform_skew_last_edited=&#8221;on|phone&#8221; transform_origin_tablet=&#8221;&#8221; transform_origin_phone=&#8221;&#8221; transform_origin_last_edited=&#8221;on|phone&#8221; transform_styles_last_edited=&#8221;on|phone&#8221; transform_styles_tablet=&#8221;&#8221; transform_styles_phone=&#8221;&#8221; global_colors_info=&#8221;{}&#8221;]<\/p>\n<h1><\/h1>\n<h1><strong>Weekly classes<\/strong><\/h1>\n<ol>\n<li data-leveltext=\"%1.\" data-font=\"Calibri\" data-listid=\"4\" data-list-defn-props=\"{&quot;335551671&quot;:1,&quot;335552541&quot;:0,&quot;335559683&quot;:0,&quot;335559684&quot;:-1,&quot;335559685&quot;:720,&quot;335559991&quot;:360,&quot;469769242&quot;:[65533,0,46],&quot;469777803&quot;:&quot;left&quot;,&quot;469777804&quot;:&quot;%1.&quot;,&quot;469777815&quot;:&quot;hybridMultilevel&quot;}\" aria-setsize=\"-1\" data-aria-posinset=\"1\" data-aria-level=\"1\" class=\" translation-block\">Introduction, presentation of the instrument, name and numbering of the strings, numbering of the fingers (representative sheet), correct position of the hands on the guitar, how to hold the pick, introductory exercise (fingers 1, 2, 3, 4 on each string, alternating up and down pick). Demonstration of various simple techniques to be learned (right hand techniques, strumming chords, classical guitar techniques) Choice of instruments for learners and presentation of long-term objectives.<\/li>\n<\/ol>\n<p class=\" translation-block\">Em chord (E minor), finding it on the guitar griff, right hand variations with pick, reading tablature. Presentation of rhythm notions.<\/p>\n<p class=\" translation-block\">Right hand variations (4 beats, bass string, first 3 strings) on the Em chord. Introducing the Am chord.<\/p>\n<p class=\" translation-block\">Change between Am and Em chords. Using the right fingers for the respective chords, using the right-hand variation on the respective chords.<\/p>\n<p class=\" translation-block\">Introducing folk strumming. Right hand variation. Use the two chords previously learned.<\/p>\n<p class=\" translation-block\">Introduce the D (D major) chord. Repeat all three chords and variations learned for the right hand.<\/p>\n<p class=\" translation-block\">Review the notions learned previously. Emphasis on the transition from one chord to another. Use the metronome. Introduce the C (C major) chord.<\/p>\n<p class=\" translation-block\">Introduction of the E chord (E major) and exercises for the right hand with metronome.<\/p>\n<p class=\" translation-block\">Repeat all chords. Introduce a more complicated technique for the right hand. Introduce the G (G major) chord<\/p>\n<p class=\" translation-block\">Repeat all the notes learned using the metronome. Prepare the final performance.<\/p>\n<p class=\" translation-block\">Recap the notes, emphasising the clarity of the sound produced by the guitar. Check the notes previously learned.<\/p>\n<p class=\" translation-block\">Each learner will exemplify the techniques learned during the course. Final rehearsals for the final performance.<\/p>\n<p>[\/et_pb_text][\/et_pb_column][et_pb_column type=&#8221;2_5&#8243; _builder_version=&#8221;4.16&#8243; _module_preset=&#8221;default&#8221; global_colors_info=&#8221;{}&#8221;][\/et_pb_column][\/et_pb_row][\/et_pb_section]<\/p>","protected":false},"excerpt":{"rendered":"<p>Despre curs\u00a0acorduri | varia\u021bii | strumming de folk\u00cen cadrul acestui curs vom \u00eenv\u0103\u021ba s\u0103 recunoa\u015ftem notele pe chitar\u0103, s\u0103 c\u00e2nt\u0103m acorduri, vom explora diverse ritmuri, dar cel mai important, vom pune toate aceste no\u021biuni \u00een practic\u0103, c\u00e2nt\u00e2nd \u00eempreun\u0103.\u00a0\u00a0INI\u021aIERE \u00ceN CHITAR\u0102Muzica poate fi privit\u0103 ca o limba universal\u0103, care ne permite s\u0103 comunic\u0103m \u015fi s\u0103 exprim\u0103m [&hellip;]<\/p>","protected":false},"author":4,"featured_media":0,"parent":21670,"menu_order":0,"comment_status":"closed","ping_status":"closed","template":"","meta":{"_et_pb_use_builder":"on","_et_pb_old_content":"","_et_gb_content_width":"","footnotes":""},"class_list":["post-21952","page","type-page","status-publish","hentry"],"_links":{"self":[{"href":"https:\/\/cultura.fitt.ro\/en\/wp-json\/wp\/v2\/pages\/21952","targetHints":{"allow":["GET"]}}],"collection":[{"href":"https:\/\/cultura.fitt.ro\/en\/wp-json\/wp\/v2\/pages"}],"about":[{"href":"https:\/\/cultura.fitt.ro\/en\/wp-json\/wp\/v2\/types\/page"}],"author":[{"embeddable":true,"href":"https:\/\/cultura.fitt.ro\/en\/wp-json\/wp\/v2\/users\/4"}],"replies":[{"embeddable":true,"href":"https:\/\/cultura.fitt.ro\/en\/wp-json\/wp\/v2\/comments?post=21952"}],"version-history":[{"count":24,"href":"https:\/\/cultura.fitt.ro\/en\/wp-json\/wp\/v2\/pages\/21952\/revisions"}],"predecessor-version":[{"id":22158,"href":"https:\/\/cultura.fitt.ro\/en\/wp-json\/wp\/v2\/pages\/21952\/revisions\/22158"}],"up":[{"embeddable":true,"href":"https:\/\/cultura.fitt.ro\/en\/wp-json\/wp\/v2\/pages\/21670"}],"wp:attachment":[{"href":"https:\/\/cultura.fitt.ro\/en\/wp-json\/wp\/v2\/media?parent=21952"}],"curies":[{"name":"wp","href":"https:\/\/api.w.org\/{rel}","templated":true}]}}