{"id":21951,"date":"2023-04-03T10:09:22","date_gmt":"2023-04-03T10:09:22","guid":{"rendered":"https:\/\/cultura.fitt.ro\/?page_id=21951"},"modified":"2024-03-11T12:09:39","modified_gmt":"2024-03-11T12:09:39","slug":"ceramica","status":"publish","type":"page","link":"https:\/\/cultura.fitt.ro\/en\/cursuri\/ceramica\/","title":{"rendered":"Ceramics"},"content":{"rendered":"<p>[et_pb_section fb_built=&#8221;1&#8243; custom_padding_last_edited=&#8221;off|desktop&#8221; admin_label=&#8221;Header&#8221; _builder_version=&#8221;4.19.4&#8243; _module_preset=&#8221;default&#8221; background_enable_color=&#8221;off&#8221; background_image=&#8221;https:\/\/cultura.fitt.ro\/wp-content\/uploads\/2023\/04\/WhatsApp-Image-2023-04-03-at-14.10.36.jpeg&#8221; custom_padding=&#8221;8vw||8vw||true|false&#8221; custom_padding_tablet=&#8221;80px||80px||true|false&#8221; custom_padding_phone=&#8221;50px||50px||true|false&#8221; global_colors_info=&#8221;{}&#8221;][et_pb_row column_structure=&#8221;1_2,1_2&#8243; _builder_version=&#8221;4.16&#8243; _module_preset=&#8221;default&#8221; global_colors_info=&#8221;{}&#8221;][et_pb_column type=&#8221;1_2&#8243; _builder_version=&#8221;4.16&#8243; _module_preset=&#8221;default&#8221; global_colors_info=&#8221;{}&#8221;][\/et_pb_column][et_pb_column type=&#8221;1_2&#8243; _builder_version=&#8221;4.16&#8243; _module_preset=&#8221;default&#8221; global_colors_info=&#8221;{}&#8221;][et_pb_text _builder_version=&#8221;4.16&#8243; _module_preset=&#8221;77bd6224-541c-4dfa-aa0c-4832456a9557&#8243; header_font=&#8221;Kumbh Sans|700|||||||&#8221; header_text_color=&#8221;#000000&#8243; header_font_size=&#8221;110px&#8221; header_line_height=&#8221;1.1em&#8221; background_color=&#8221;#FFFFFF&#8221; custom_margin=&#8221;||0px||false|false&#8221; header_font_size_tablet=&#8221;52px&#8221; header_font_size_phone=&#8221;30px&#8221; header_font_size_last_edited=&#8221;on|tablet&#8221; border_radii=&#8221;on|10px|10px|10px|10px&#8221; border_width_all=&#8221;4px&#8221; border_color_all=&#8221;#FFFFFF&#8221; global_colors_info=&#8221;{}&#8221;]<\/p>\n<h1><span style=\"color: #0a0a0a;\">About the course<\/span><\/h1>\n<p>[\/et_pb_text][et_pb_text _builder_version=&#8221;4.16&#8243; _module_preset=&#8221;abe15537-a205-41f8-9025-7356e956fa93&#8243; header_font=&#8221;||||||||&#8221; header_3_font=&#8221;PT Serif||||||||&#8221; header_3_text_color=&#8221;#000000&#8243; header_3_font_size=&#8221;35px&#8221; header_3_line_height=&#8221;1.4em&#8221; header_3_font_size_tablet=&#8221;28px&#8221; header_3_font_size_phone=&#8221;20px&#8221; header_3_font_size_last_edited=&#8221;on|phone&#8221; locked=&#8221;off&#8221; global_colors_info=&#8221;{}&#8221;]<\/p>\n<h3><span style=\"color: #ffffff;\">clay modelling<\/span><\/h3>\n<h3><span style=\"color: #ffffff;\">basorelief<\/span><\/h3>\n<p>[\/et_pb_text][et_pb_blurb title=&#8221;Ceramic\u0103&#8221; image_icon_background_color=&#8221;#FFFFFF&#8221; image=&#8221;https:\/\/cultura.fitt.ro\/wp-content\/uploads\/2023\/04\/ceramica.png&#8221; icon_placement=&#8221;left&#8221; image_icon_width=&#8221;87px&#8221; content_max_width=&#8221;100%&#8221; icon_placement_tablet=&#8221;top&#8221; icon_placement_phone=&#8221;top&#8221; icon_placement_last_edited=&#8221;on|desktop&#8221; image_icon_width_tablet=&#8221;72px&#8221; image_icon_width_phone=&#8221;64px&#8221; image_icon_width_last_edited=&#8221;off|phone&#8221; _builder_version=&#8221;4.19.4&#8243; _module_preset=&#8221;344bc1af-019a-4436-916e-103cfef8575f&#8221; header_font=&#8221;PT Serif|700|||||||&#8221; header_text_color=&#8221;#000000&#8243; header_font_size=&#8221;22px&#8221; header_line_height=&#8221;1.4em&#8221; body_font_size=&#8221;16px&#8221; body_line_height=&#8221;1.8em&#8221; background_color=&#8221;#FFFFFF&#8221; image_icon_custom_padding_tablet=&#8221;&#8221; image_icon_custom_padding_phone=&#8221;&#8221; image_icon_custom_padding_last_edited=&#8221;on|phone&#8221; custom_padding=&#8221;40px|40px|40px|40px|true|true&#8221; custom_padding_tablet=&#8221;30px|30px|30px|30px|true|true&#8221; custom_padding_phone=&#8221;20px|20px|20px|20px|true|true&#8221; custom_padding_last_edited=&#8221;on|phone&#8221; animation=&#8221;off&#8221; header_font_size_tablet=&#8221;18px&#8221; header_font_size_phone=&#8221;16px&#8221; header_font_size_last_edited=&#8221;on|tablet&#8221; body_font_size_tablet=&#8221;14px&#8221; body_font_size_phone=&#8221;12px&#8221; body_font_size_last_edited=&#8221;on|phone&#8221; border_radii=&#8221;on|10px|10px|10px|10px&#8221; border_width_all_image_tablet=&#8221;&#8221; border_width_all_image_phone=&#8221;&#8221; border_width_all_image_last_edited=&#8221;on|desktop&#8221; image_max_width=&#8221;96px&#8221; image_max_width_tablet=&#8221;72px&#8221; image_max_width_phone=&#8221;64px&#8221; image_max_width_last_edited=&#8221;off|phone&#8221; locked=&#8221;off&#8221; global_colors_info=&#8221;{}&#8221;]<\/p>\n<p>Within the artistic-plastic activities, modelling is presented as an activity through which the participant perceives and transforms reality in a three-dimensional way (sensing volume, proportions, etc.), making different creations through his\/her own effort.<\/p>\n<p>[\/et_pb_blurb][\/et_pb_column][\/et_pb_row][\/et_pb_section][et_pb_section fb_built=&#8221;1&#8243; custom_padding_last_edited=&#8221;on|phone&#8221; admin_label=&#8221;About&#8221; _builder_version=&#8221;4.19.4&#8243; _module_preset=&#8221;default&#8221; background_color=&#8221;#FFFFFF&#8221; background_enable_image=&#8221;off&#8221; custom_padding=&#8221;150px||150px||true|false&#8221; custom_padding_tablet=&#8221;80px||80px||true|false&#8221; custom_padding_phone=&#8221;50px||50px||true|false&#8221; global_colors_info=&#8221;{%22gcid-3f11ce70-d83b-4c70-bcdc-193eab5653a8%22:%91%93,%22gcid-9b6d33f9-def0-4b28-b6f6-d4797450b15e%22:%91%93}&#8221;][et_pb_row _builder_version=&#8221;4.16&#8243; _module_preset=&#8221;default&#8221; global_colors_info=&#8221;{}&#8221;][et_pb_column type=&#8221;4_4&#8243; _builder_version=&#8221;4.16&#8243; _module_preset=&#8221;default&#8221; global_colors_info=&#8221;{}&#8221;][et_pb_text _builder_version=&#8221;4.19.4&#8243; _module_preset=&#8221;ff6010ed-8333-42ba-9eaa-c589a4f31085&#8243; header_2_font=&#8221;Kumbh Sans|700|||||||&#8221; header_2_text_color=&#8221;#000000&#8243; header_2_font_size=&#8221;181px&#8221; header_2_line_height=&#8221;1.2em&#8221; header_2_font_size_tablet=&#8221;65px&#8221; header_2_font_size_phone=&#8221;54px&#8221; header_2_font_size_last_edited=&#8221;on|phone&#8221; global_colors_info=&#8221;{}&#8221;]<\/p>\n<h2>CERAMICS<\/h2>\n<p>&nbsp;<\/p>\n<p>[\/et_pb_text][\/et_pb_column][\/et_pb_row][et_pb_row column_structure=&#8221;3_5,2_5&#8243; custom_padding_last_edited=&#8221;on|phone&#8221; _builder_version=&#8221;4.19.4&#8243; _module_preset=&#8221;default&#8221; background_color=&#8221;#000000&#8243; custom_padding=&#8221;60px|60px|60px|60px|true|true&#8221; custom_padding_tablet=&#8221;30px|40px|30px|40px|true|true&#8221; custom_padding_phone=&#8221;|20px||20px|false|true&#8221; border_radii=&#8221;on|20px|20px|20px|20px&#8221; box_shadow_style=&#8221;preset3&#8243; box_shadow_vertical=&#8221;64px&#8221; box_shadow_blur=&#8221;40px&#8221; box_shadow_spread=&#8221;-24px&#8221; box_shadow_color=&#8221;rgba(0,0,0,0.5)&#8221; global_colors_info=&#8221;{%22gcid-9b6d33f9-def0-4b28-b6f6-d4797450b15e%22:%91%93,%22gcid-e9cf049c-a19c-439f-a6f5-4d50714a124d%22:%91%93,%22gcid-b891c937-c256-45e5-b832-f41a43349cb5%22:%91%93}&#8221;][et_pb_column type=&#8221;3_5&#8243; _builder_version=&#8221;4.16&#8243; _module_preset=&#8221;default&#8221; global_colors_info=&#8221;{}&#8221;][et_pb_text _builder_version=&#8221;4.19.4&#8243; _module_preset=&#8221;7d59c7f9-fac0-4ece-80e8-b60ee27645eb&#8221; text_font=&#8221;PT Serif||||||||&#8221; text_font_size=&#8221;20px&#8221; text_line_height=&#8221;1.9em&#8221; background_layout=&#8221;dark&#8221; text_font_size_tablet=&#8221;16px&#8221; text_font_size_phone=&#8221;14px&#8221; text_font_size_last_edited=&#8221;on|desktop&#8221; locked=&#8221;off&#8221; global_colors_info=&#8221;{}&#8221;]<\/p>\n<p>Children have a natural inclination towards sand and water as the most natural play materials available. Water and earth, as fundamental elements of our existence, provide us with food, energy, strength, but also relaxation and joy. Easy to handle, simple and with sensory benefits, these two materials fascinate both children and adults. From water and earth it is only a step to clay, modelling clay and other materials.<\/p>\n<p>[\/et_pb_text][\/et_pb_column][et_pb_column type=&#8221;2_5&#8243; _builder_version=&#8221;4.19.4&#8243; _module_preset=&#8221;default&#8221; global_colors_info=&#8221;{}&#8221;][et_pb_team_member name=&#8221;Cornelia Kirali&#8221; position=&#8221;Ceramist\u0103&#8221; image_url=&#8221;https:\/\/cultura.fitt.ro\/wp-content\/uploads\/2023\/04\/2cde9302-c0a3-4a99-9a91-71cca16c4859.png&#8221; _builder_version=&#8221;4.19.4&#8243; _module_preset=&#8221;default&#8221; header_text_color=&#8221;#FFFFFF&#8221; border_radii_image=&#8221;on|292px|292px|292px|292px&#8221; global_colors_info=&#8221;{}&#8221;]<\/p>\n<p>cornelia.kirali@fitt.ro<\/p>\n<p>[\/et_pb_team_member][et_pb_accordion open_toggle_text_color=&#8221;#000000&#8243; open_toggle_background_color=&#8221;#FEBD2D&#8221; closed_toggle_background_color=&#8221;rgba(255,255,255,0.1)&#8221; icon_color=&#8221;#FEBD2D&#8221; _builder_version=&#8221;4.19.4&#8243; _module_preset=&#8221;default&#8221; toggle_text_color=&#8221;#FFFFFF&#8221; toggle_font=&#8221;PT Serif|700|||||||&#8221; toggle_font_size=&#8221;20px&#8221; toggle_line_height=&#8221;1.8em&#8221; body_font=&#8221;|600|||||||&#8221; body_text_color=&#8221;rgba(0,0,0,0.6)&#8221; body_font_size=&#8221;16px&#8221; body_line_height=&#8221;1.8em&#8221; link_option_url_new_window=&#8221;on&#8221; hover_enabled=&#8221;0&#8243; border_radii=&#8221;on|10px|10px|10px|10px&#8221; border_width_all=&#8221;0px&#8221; global_colors_info=&#8221;{}&#8221; sticky_enabled=&#8221;0&#8243;][et_pb_accordion_item title=&#8221;Durata curs&#8221; _builder_version=&#8221;4.19.4&#8243; _module_preset=&#8221;default&#8221; global_colors_info=&#8221;{}&#8221; open=&#8221;off&#8221;]<\/p>\n<p>1 hour and 30 minutes per week<\/p>\n<p>&nbsp;<\/p>\n<p>[\/et_pb_accordion_item][et_pb_accordion_item title=&#8221;Perioada desfasurare&#8221; open=&#8221;on&#8221; _builder_version=&#8221;4.19.4&#8243; _module_preset=&#8221;default&#8221; hover_enabled=&#8221;0&#8243; global_colors_info=&#8221;{}&#8221; sticky_enabled=&#8221;0&#8243;]<\/p>\n<p>The exact period will be announced soon.<\/p>\n<p>Group 1 (10 - 14 years old) : every monday, from 15:00<\/p>\n<p>Group 2 (15 - 19 years old) : every Wednesday, from 14:30<\/p>\n<p>&nbsp;<\/p>\n<p>[\/et_pb_accordion_item][et_pb_accordion_item title=&#8221;Locuri disponibile&#8221; _builder_version=&#8221;4.16&#8243; _module_preset=&#8221;default&#8221; global_colors_info=&#8221;{}&#8221; open=&#8221;off&#8221;]<\/p>\n<p><strong>Group 1<\/strong><br \/>10 - 14 years old: 10 spots<\/p>\n<p><strong>Group 2<\/strong><br \/>15 - 18 years old: 10 spots<\/p>\n<p>&nbsp;<\/p>\n<p>[\/et_pb_accordion_item][\/et_pb_accordion][et_pb_button button_url=&#8221;https:\/\/forms.office.com\/e\/EFD4yPSwaW&#8221; url_new_window=&#8221;on&#8221; button_text=&#8221;Inscrie-te&#8221; _builder_version=&#8221;4.19.4&#8243; _module_preset=&#8221;default&#8221; custom_button=&#8221;on&#8221; button_text_color=&#8221;#000000&#8243; button_bg_color=&#8221;#FFFFFF&#8221; button_border_color=&#8221;#FFFFFF&#8221; hover_enabled=&#8221;0&#8243; global_colors_info=&#8221;{}&#8221; sticky_enabled=&#8221;0&#8243;][\/et_pb_button][\/et_pb_column][\/et_pb_row][\/et_pb_section][et_pb_section fb_built=&#8221;1&#8243; _builder_version=&#8221;4.19.4&#8243; _module_preset=&#8221;default&#8221; global_colors_info=&#8221;{}&#8221;][et_pb_row _builder_version=&#8221;4.19.4&#8243; _module_preset=&#8221;default&#8221; global_colors_info=&#8221;{}&#8221;][et_pb_column type=&#8221;4_4&#8243; _builder_version=&#8221;4.19.4&#8243; _module_preset=&#8221;default&#8221; global_colors_info=&#8221;{}&#8221;][et_pb_text _builder_version=&#8221;4.19.4&#8243; _module_preset=&#8221;default&#8221; global_colors_info=&#8221;{}&#8221;]<\/p>\n<p class=\" translation-block\">For the smooth running of the courses we ask you to treat the attendance to the classes with responsibility. If participants accumulate two consecutive non-attendances or their overall attendance is not constant we reserve the right to suspend their entry in the course.<\/p>\n<p>[\/et_pb_text][\/et_pb_column][\/et_pb_row][\/et_pb_section][et_pb_section fb_built=&#8221;1&#8243; admin_label=&#8221;Testimonials&#8221; _builder_version=&#8221;4.19.4&#8243; _module_preset=&#8221;default&#8221; background_color=&#8221;#43535E&#8221; background_enable_image=&#8221;off&#8221; background_last_edited=&#8221;on|tablet&#8221; use_background_color_gradient_tablet=&#8221;on&#8221; background_color_gradient_stops_tablet=&#8221;rgba(246,240,231,0.8) 0%|rgba(246,240,231,0.8) 100%&#8221; background_color_gradient_overlays_image_tablet=&#8221;on&#8221; background_color_gradient_start_tablet=&#8221;rgba(246,240,231,0.8)&#8221; background_color_gradient_end_tablet=&#8221;rgba(246,240,231,0.8)&#8221; global_colors_info=&#8221;{}&#8221;][et_pb_row column_structure=&#8221;3_5,2_5&#8243; _builder_version=&#8221;4.19.4&#8243; _module_preset=&#8221;default&#8221; width=&#8221;90%&#8221; box_shadow_style=&#8221;preset7&#8243; locked=&#8221;off&#8221; global_colors_info=&#8221;{}&#8221;][et_pb_column type=&#8221;3_5&#8243; _builder_version=&#8221;4.16&#8243; _module_preset=&#8221;default&#8221; global_colors_info=&#8221;{}&#8221;][et_pb_text _builder_version=&#8221;4.19.4&#8243; _module_preset=&#8221;default&#8221; text_text_color=&#8221;#FFFFFF&#8221; header_text_color=&#8221;#FFFFFF&#8221; transform_scale_tablet=&#8221;&#8221; transform_scale_phone=&#8221;&#8221; transform_scale_last_edited=&#8221;on|phone&#8221; transform_translate=&#8221;54px|22px&#8221; transform_translate_tablet=&#8221;54px|22px&#8221; transform_translate_phone=&#8221;27px|22px&#8221; transform_translate_last_edited=&#8221;on|phone&#8221; transform_translate_linked=&#8221;off&#8221; transform_rotate_tablet=&#8221;&#8221; transform_rotate_phone=&#8221;&#8221; transform_rotate_last_edited=&#8221;on|phone&#8221; transform_skew_tablet=&#8221;&#8221; transform_skew_phone=&#8221;&#8221; transform_skew_last_edited=&#8221;on|phone&#8221; transform_origin_tablet=&#8221;&#8221; transform_origin_phone=&#8221;&#8221; transform_origin_last_edited=&#8221;on|phone&#8221; transform_styles_last_edited=&#8221;on|phone&#8221; transform_styles_tablet=&#8221;&#8221; transform_styles_phone=&#8221;&#8221; global_colors_info=&#8221;{}&#8221;]<\/p>\n<h1><\/h1>\n<h1><strong>Weekly classes<\/strong><\/h1>\n<ol>\n<li data-leveltext=\"%1.\" data-font=\"Calibri\" data-listid=\"1\" data-list-defn-props=\"{&quot;335552541&quot;:0,&quot;335559683&quot;:0,&quot;335559684&quot;:-1,&quot;335559685&quot;:720,&quot;335559991&quot;:360,&quot;469769242&quot;:[65533,0,46],&quot;469777803&quot;:&quot;left&quot;,&quot;469777804&quot;:&quot;%1.&quot;,&quot;469777815&quot;:&quot;hybridMultilevel&quot;}\" aria-setsize=\"-1\" data-aria-posinset=\"1\" data-aria-level=\"1\"><span data-contrast=\"none\">Introduction<\/span><span data-ccp-props=\"{&quot;201341983&quot;:0,&quot;335551550&quot;:0,&quot;335551620&quot;:0,&quot;335559739&quot;:160,&quot;335559740&quot;:259}\"> <\/span><\/li>\n<li data-leveltext=\"%1.\" data-font=\"Calibri\" data-listid=\"1\" data-list-defn-props=\"{&quot;335552541&quot;:0,&quot;335559683&quot;:0,&quot;335559684&quot;:-1,&quot;335559685&quot;:720,&quot;335559991&quot;:360,&quot;469769242&quot;:[65533,0,46],&quot;469777803&quot;:&quot;left&quot;,&quot;469777804&quot;:&quot;%1.&quot;,&quot;469777815&quot;:&quot;hybridMultilevel&quot;}\" aria-setsize=\"-1\" data-aria-posinset=\"1\" data-aria-level=\"1\"><span data-contrast=\"none\">Knowledge of the main techniques and specific tools;<\/span><span data-ccp-props=\"{&quot;201341983&quot;:0,&quot;335551550&quot;:0,&quot;335551620&quot;:0,&quot;335559739&quot;:160,&quot;335559740&quot;:259}\">\u00a0<\/span><\/li>\n<li data-leveltext=\"%1.\" data-font=\"Calibri\" data-listid=\"1\" data-list-defn-props=\"{&quot;335552541&quot;:0,&quot;335559683&quot;:0,&quot;335559684&quot;:-1,&quot;335559685&quot;:720,&quot;335559991&quot;:360,&quot;469769242&quot;:[65533,0,46],&quot;469777803&quot;:&quot;left&quot;,&quot;469777804&quot;:&quot;%1.&quot;,&quot;469777815&quot;:&quot;hybridMultilevel&quot;}\" aria-setsize=\"-1\" data-aria-posinset=\"1\" data-aria-level=\"1\"><span data-contrast=\"none\">Shapes and texturing methods;<\/span><span data-ccp-props=\"{&quot;201341983&quot;:0,&quot;335551550&quot;:0,&quot;335551620&quot;:0,&quot;335559739&quot;:160,&quot;335559740&quot;:259}\">\u00a0<\/span><\/li>\n<li data-leveltext=\"%1.\" data-font=\"Calibri\" data-listid=\"1\" data-list-defn-props=\"{&quot;335552541&quot;:0,&quot;335559683&quot;:0,&quot;335559684&quot;:-1,&quot;335559685&quot;:720,&quot;335559991&quot;:360,&quot;469769242&quot;:[65533,0,46],&quot;469777803&quot;:&quot;left&quot;,&quot;469777804&quot;:&quot;%1.&quot;,&quot;469777815&quot;:&quot;hybridMultilevel&quot;}\" aria-setsize=\"-1\" data-aria-posinset=\"1\" data-aria-level=\"1\"><span data-contrast=\"none\">Bas-relief on clay plate;<\/span><span data-ccp-props=\"{&quot;201341983&quot;:0,&quot;335551550&quot;:0,&quot;335551620&quot;:0,&quot;335559739&quot;:160,&quot;335559740&quot;:259}\">\u00a0<\/span><\/li>\n<li data-leveltext=\"%1.\" data-font=\"Calibri\" data-listid=\"1\" data-list-defn-props=\"{&quot;335552541&quot;:0,&quot;335559683&quot;:0,&quot;335559684&quot;:-1,&quot;335559685&quot;:720,&quot;335559991&quot;:360,&quot;469769242&quot;:[65533,0,46],&quot;469777803&quot;:&quot;left&quot;,&quot;469777804&quot;:&quot;%1.&quot;,&quot;469777815&quot;:&quot;hybridMultilevel&quot;}\" aria-setsize=\"-1\" data-aria-posinset=\"1\" data-aria-level=\"1\"><span data-contrast=\"none\">Three-dimensional representation of objects;<\/span><span data-ccp-props=\"{&quot;201341983&quot;:0,&quot;335551550&quot;:0,&quot;335551620&quot;:0,&quot;335559739&quot;:160,&quot;335559740&quot;:259}\">\u00a0<\/span><\/li>\n<li data-leveltext=\"%1.\" data-font=\"Calibri\" data-listid=\"1\" data-list-defn-props=\"{&quot;335552541&quot;:0,&quot;335559683&quot;:0,&quot;335559684&quot;:-1,&quot;335559685&quot;:720,&quot;335559991&quot;:360,&quot;469769242&quot;:[65533,0,46],&quot;469777803&quot;:&quot;left&quot;,&quot;469777804&quot;:&quot;%1.&quot;,&quot;469777815&quot;:&quot;hybridMultilevel&quot;}\" aria-setsize=\"-1\" data-aria-posinset=\"1\" data-aria-level=\"1\"><span data-contrast=\"none\">The add-drop technique;<\/span><span data-ccp-props=\"{&quot;201341983&quot;:0,&quot;335551550&quot;:0,&quot;335551620&quot;:0,&quot;335559739&quot;:160,&quot;335559740&quot;:259}\">\u00a0<\/span><\/li>\n<li data-leveltext=\"%1.\" data-font=\"Calibri\" data-listid=\"1\" data-list-defn-props=\"{&quot;335552541&quot;:0,&quot;335559683&quot;:0,&quot;335559684&quot;:-1,&quot;335559685&quot;:720,&quot;335559991&quot;:360,&quot;469769242&quot;:[65533,0,46],&quot;469777803&quot;:&quot;left&quot;,&quot;469777804&quot;:&quot;%1.&quot;,&quot;469777815&quot;:&quot;hybridMultilevel&quot;}\" aria-setsize=\"-1\" data-aria-posinset=\"1\" data-aria-level=\"1\"><span data-contrast=\"none\">Modelling a clay pot using the techniques learnt;<\/span><span data-ccp-props=\"{&quot;201341983&quot;:0,&quot;335551550&quot;:0,&quot;335551620&quot;:0,&quot;335559739&quot;:160,&quot;335559740&quot;:259}\">\u00a0<\/span><\/li>\n<li data-leveltext=\"%1.\" data-font=\"Calibri\" data-listid=\"1\" data-list-defn-props=\"{&quot;335552541&quot;:0,&quot;335559683&quot;:0,&quot;335559684&quot;:-1,&quot;335559685&quot;:720,&quot;335559991&quot;:360,&quot;469769242&quot;:[65533,0,46],&quot;469777803&quot;:&quot;left&quot;,&quot;469777804&quot;:&quot;%1.&quot;,&quot;469777815&quot;:&quot;hybridMultilevel&quot;}\" aria-setsize=\"-1\" data-aria-posinset=\"1\" data-aria-level=\"1\"><span data-contrast=\"none\">Decorating the pot using texturing techniques and methods;<\/span><span data-ccp-props=\"{&quot;201341983&quot;:0,&quot;335551550&quot;:0,&quot;335551620&quot;:0,&quot;335559739&quot;:160,&quot;335559740&quot;:259}\">\u00a0<\/span><\/li>\n<li data-leveltext=\"%1.\" data-font=\"Calibri\" data-listid=\"1\" data-list-defn-props=\"{&quot;335552541&quot;:0,&quot;335559683&quot;:0,&quot;335559684&quot;:-1,&quot;335559685&quot;:720,&quot;335559991&quot;:360,&quot;469769242&quot;:[65533,0,46],&quot;469777803&quot;:&quot;left&quot;,&quot;469777804&quot;:&quot;%1.&quot;,&quot;469777815&quot;:&quot;hybridMultilevel&quot;}\" aria-setsize=\"-1\" data-aria-posinset=\"1\" data-aria-level=\"1\"><span data-contrast=\"none\">Composition: modelling applications;<\/span><span data-ccp-props=\"{&quot;201341983&quot;:0,&quot;335551550&quot;:0,&quot;335551620&quot;:0,&quot;335559739&quot;:160,&quot;335559740&quot;:259}\">\u00a0<\/span><\/li>\n<li data-leveltext=\"%1.\" data-font=\"Calibri\" data-listid=\"1\" data-list-defn-props=\"{&quot;335552541&quot;:0,&quot;335559683&quot;:0,&quot;335559684&quot;:-1,&quot;335559685&quot;:720,&quot;335559991&quot;:360,&quot;469769242&quot;:[65533,0,46],&quot;469777803&quot;:&quot;left&quot;,&quot;469777804&quot;:&quot;%1.&quot;,&quot;469777815&quot;:&quot;hybridMultilevel&quot;}\" aria-setsize=\"-1\" data-aria-posinset=\"1\" data-aria-level=\"1\"><span data-contrast=\"none\">Practical exercise 1: Making an animal;<\/span><span data-ccp-props=\"{&quot;201341983&quot;:0,&quot;335551550&quot;:0,&quot;335551620&quot;:0,&quot;335559739&quot;:160,&quot;335559740&quot;:259}\">\u00a0<\/span><\/li>\n<li data-leveltext=\"%1.\" data-font=\"Calibri\" data-listid=\"1\" data-list-defn-props=\"{&quot;335552541&quot;:0,&quot;335559683&quot;:0,&quot;335559684&quot;:-1,&quot;335559685&quot;:720,&quot;335559991&quot;:360,&quot;469769242&quot;:[65533,0,46],&quot;469777803&quot;:&quot;left&quot;,&quot;469777804&quot;:&quot;%1.&quot;,&quot;469777815&quot;:&quot;hybridMultilevel&quot;}\" aria-setsize=\"-1\" data-aria-posinset=\"1\" data-aria-level=\"1\"><span data-contrast=\"none\">Practical exercise 2: Zoomorphic object (inspired by the animal created in the previous course);<\/span><span data-ccp-props=\"{&quot;201341983&quot;:0,&quot;335551550&quot;:0,&quot;335551620&quot;:0,&quot;335559739&quot;:160,&quot;335559740&quot;:259}\">\u00a0<\/span><\/li>\n<li data-leveltext=\"%1.\" data-font=\"Calibri\" data-listid=\"1\" data-list-defn-props=\"{&quot;335552541&quot;:0,&quot;335559683&quot;:0,&quot;335559684&quot;:-1,&quot;335559685&quot;:720,&quot;335559991&quot;:360,&quot;469769242&quot;:[65533,0,46],&quot;469777803&quot;:&quot;left&quot;,&quot;469777804&quot;:&quot;%1.&quot;,&quot;469777815&quot;:&quot;hybridMultilevel&quot;}\" aria-setsize=\"-1\" data-aria-posinset=\"1\" data-aria-level=\"1\"><span data-contrast=\"none\">From sketch to real object.<\/span><span data-ccp-props=\"{&quot;201341983&quot;:0,&quot;335551550&quot;:0,&quot;335551620&quot;:0,&quot;335559739&quot;:160,&quot;335559740&quot;:259}\">\u00a0<\/span><\/li>\n<\/ol>\n<ol><\/ol>\n<ol><\/ol>\n<ol><\/ol>\n<ol><\/ol>\n<ol><\/ol>\n<ol><\/ol>\n<ol><\/ol>\n<ol><\/ol>\n<ol><\/ol>\n<ol><\/ol>\n<ol><\/ol>\n<p>[\/et_pb_text][\/et_pb_column][et_pb_column type=&#8221;2_5&#8243; _builder_version=&#8221;4.16&#8243; _module_preset=&#8221;default&#8221; global_colors_info=&#8221;{}&#8221;][\/et_pb_column][\/et_pb_row][\/et_pb_section]<\/p>","protected":false},"excerpt":{"rendered":"<p>Despre cursmodelarea lutului | basorelief\u00cen cadrul activit\u0103\u021bilor artistico-plastice, modelajul se prezint\u0103 c\u0103 o activitate prin care participantul percepe \u0219i transform\u0103 realitatea \u00een mod tridimensional (sesiz\u00e2nd volumul, propor\u021biile, etc), realiz\u00e2nd diferite crea\u021bii prin efort propriu.CERAMIC\u0102 &nbsp;Copiii au o \u00eenclina\u021bie fireasc\u0103 spre nisip \u0219i ap\u0103, ca fiind cele mai naturale materiale de joac\u0103 din c\u00e2te exist\u0103. Apa [&hellip;]<\/p>","protected":false},"author":4,"featured_media":0,"parent":21670,"menu_order":0,"comment_status":"closed","ping_status":"closed","template":"","meta":{"_et_pb_use_builder":"on","_et_pb_old_content":"","_et_gb_content_width":"","footnotes":""},"class_list":["post-21951","page","type-page","status-publish","hentry"],"_links":{"self":[{"href":"https:\/\/cultura.fitt.ro\/en\/wp-json\/wp\/v2\/pages\/21951","targetHints":{"allow":["GET"]}}],"collection":[{"href":"https:\/\/cultura.fitt.ro\/en\/wp-json\/wp\/v2\/pages"}],"about":[{"href":"https:\/\/cultura.fitt.ro\/en\/wp-json\/wp\/v2\/types\/page"}],"author":[{"embeddable":true,"href":"https:\/\/cultura.fitt.ro\/en\/wp-json\/wp\/v2\/users\/4"}],"replies":[{"embeddable":true,"href":"https:\/\/cultura.fitt.ro\/en\/wp-json\/wp\/v2\/comments?post=21951"}],"version-history":[{"count":21,"href":"https:\/\/cultura.fitt.ro\/en\/wp-json\/wp\/v2\/pages\/21951\/revisions"}],"predecessor-version":[{"id":22163,"href":"https:\/\/cultura.fitt.ro\/en\/wp-json\/wp\/v2\/pages\/21951\/revisions\/22163"}],"up":[{"embeddable":true,"href":"https:\/\/cultura.fitt.ro\/en\/wp-json\/wp\/v2\/pages\/21670"}],"wp:attachment":[{"href":"https:\/\/cultura.fitt.ro\/en\/wp-json\/wp\/v2\/media?parent=21951"}],"curies":[{"name":"wp","href":"https:\/\/api.w.org\/{rel}","templated":true}]}}