{"id":21745,"date":"2023-01-18T15:17:50","date_gmt":"2023-01-18T15:17:50","guid":{"rendered":"https:\/\/cultura.fitt.ro\/?page_id=21745"},"modified":"2024-04-24T08:33:24","modified_gmt":"2024-04-24T08:33:24","slug":"bazele-picturii","status":"publish","type":"page","link":"https:\/\/cultura.fitt.ro\/en\/cursuri\/bazele-picturii\/","title":{"rendered":"Painting fundamentals"},"content":{"rendered":"<p>[et_pb_section fb_built=&#8221;1&#8243; custom_padding_last_edited=&#8221;off|desktop&#8221; admin_label=&#8221;Header&#8221; _builder_version=&#8221;4.19.4&#8243; _module_preset=&#8221;default&#8221; background_enable_color=&#8221;off&#8221; background_image=&#8221;https:\/\/cultura.fitt.ro\/wp-content\/uploads\/2023\/05\/IMG_1907.jpg&#8221; custom_padding=&#8221;8vw||8vw||true|false&#8221; custom_padding_tablet=&#8221;80px||80px||true|false&#8221; custom_padding_phone=&#8221;50px||50px||true|false&#8221; global_colors_info=&#8221;{}&#8221;][et_pb_row column_structure=&#8221;1_2,1_2&#8243; _builder_version=&#8221;4.19.4&#8243; _module_preset=&#8221;default&#8221; global_colors_info=&#8221;{}&#8221;][et_pb_column type=&#8221;1_2&#8243; _builder_version=&#8221;4.16&#8243; _module_preset=&#8221;default&#8221; global_colors_info=&#8221;{}&#8221;][\/et_pb_column][et_pb_column type=&#8221;1_2&#8243; _builder_version=&#8221;4.16&#8243; _module_preset=&#8221;default&#8221; global_colors_info=&#8221;{}&#8221;][et_pb_text _builder_version=&#8221;4.16&#8243; _module_preset=&#8221;77bd6224-541c-4dfa-aa0c-4832456a9557&#8243; header_font=&#8221;Kumbh Sans|700|||||||&#8221; header_text_color=&#8221;#000000&#8243; header_font_size=&#8221;110px&#8221; header_line_height=&#8221;1.1em&#8221; custom_margin=&#8221;||0px||false|false&#8221; header_font_size_tablet=&#8221;52px&#8221; header_font_size_phone=&#8221;30px&#8221; header_font_size_last_edited=&#8221;on|tablet&#8221; global_colors_info=&#8221;{}&#8221;]<\/p>\n<h1><span style=\"color: #ffffff;\">About the course<\/span><\/h1>\n<p>[\/et_pb_text][et_pb_text _builder_version=&#8221;4.16&#8243; _module_preset=&#8221;abe15537-a205-41f8-9025-7356e956fa93&#8243; header_font=&#8221;||||||||&#8221; header_3_font=&#8221;PT Serif||||||||&#8221; header_3_text_color=&#8221;#000000&#8243; header_3_font_size=&#8221;35px&#8221; header_3_line_height=&#8221;1.4em&#8221; header_3_font_size_tablet=&#8221;28px&#8221; header_3_font_size_phone=&#8221;20px&#8221; header_3_font_size_last_edited=&#8221;on|phone&#8221; locked=&#8221;off&#8221; global_colors_info=&#8221;{}&#8221;]<\/p>\n<h3><span style=\"color: #ffffff;\">Watercolors | Oil painting<\/span><\/h3>\n<p>[\/et_pb_text][et_pb_blurb title=&#8221;Bazele picturii&#8221; image=&#8221;https:\/\/cultura.fitt.ro\/wp-content\/uploads\/2023\/01\/iconite-cursuri-3.png&#8221; icon_placement=&#8221;left&#8221; image_icon_width=&#8221;140px&#8221; content_max_width=&#8221;100%&#8221; icon_placement_tablet=&#8221;top&#8221; icon_placement_phone=&#8221;top&#8221; icon_placement_last_edited=&#8221;on|phone&#8221; image_icon_width_tablet=&#8221;72px&#8221; image_icon_width_phone=&#8221;64px&#8221; image_icon_width_last_edited=&#8221;off|phone&#8221; _builder_version=&#8221;4.19.4&#8243; _module_preset=&#8221;344bc1af-019a-4436-916e-103cfef8575f&#8221; header_font=&#8221;PT Serif|700|||||||&#8221; header_text_color=&#8221;#000000&#8243; header_font_size=&#8221;22px&#8221; header_line_height=&#8221;1.4em&#8221; body_font_size=&#8221;16px&#8221; body_line_height=&#8221;1.8em&#8221; background_color=&#8221;#FFFFFF&#8221; image_icon_custom_padding_tablet=&#8221;&#8221; image_icon_custom_padding_phone=&#8221;&#8221; image_icon_custom_padding_last_edited=&#8221;on|phone&#8221; custom_padding=&#8221;40px|40px|40px|40px|true|true&#8221; custom_padding_tablet=&#8221;30px|30px|30px|30px|true|true&#8221; custom_padding_phone=&#8221;20px|20px|20px|20px|true|true&#8221; custom_padding_last_edited=&#8221;on|phone&#8221; animation=&#8221;off&#8221; header_font_size_tablet=&#8221;18px&#8221; header_font_size_phone=&#8221;16px&#8221; header_font_size_last_edited=&#8221;on|tablet&#8221; body_font_size_tablet=&#8221;14px&#8221; body_font_size_phone=&#8221;12px&#8221; body_font_size_last_edited=&#8221;on|phone&#8221; border_radii=&#8221;on|10px|10px|10px|10px&#8221; border_width_all_image_tablet=&#8221;&#8221; border_width_all_image_phone=&#8221;&#8221; border_width_all_image_last_edited=&#8221;on|desktop&#8221; image_max_width=&#8221;96px&#8221; image_max_width_tablet=&#8221;72px&#8221; image_max_width_phone=&#8221;64px&#8221; image_max_width_last_edited=&#8221;off|phone&#8221; locked=&#8221;off&#8221; global_colors_info=&#8221;{}&#8221;]<\/p>\n<div class=\"w-full text-token-text-primary\" data-testid=\"conversation-turn-4\">\n<div class=\"px-4 py-2 justify-center text-base md:gap-6 m-auto\">\n<div class=\"flex flex-1 text-base mx-auto gap-3 md:px-5 lg:px-1 xl:px-5 md:max-w-3xl lg:max-w-[40rem] xl:max-w-[48rem] group\">\n<div class=\"relative flex w-full flex-col lg:w-[calc(100%-115px)]\">\n<div class=\"flex-col gap-1 md:gap-3\">\n<div class=\"flex flex-grow flex-col max-w-full\">\n<div data-message-author-role=\"user\" data-message-id=\"aaa23cca-1713-44c5-b419-5a4b56921766\" class=\"min-h-[20px] text-message flex flex-col items-start gap-3 whitespace-pre-wrap break-words [.text-message+&amp;]:mt-5 overflow-x-auto\">\n<div class=\"\">This course aims to help participants get accustomed to the art of painting, providing them with the confidence they need to express themselves through this artistic medium.<\/div>\n<\/div>\n<\/div>\n<\/div>\n<\/div>\n<\/div>\n<\/div>\n<\/div>\n<div class=\"w-full text-token-text-primary\" data-testid=\"conversation-turn-5\">\n<div class=\"px-4 py-2 justify-center text-base md:gap-6 m-auto\">\n<div class=\"flex flex-1 text-base mx-auto gap-3 md:px-5 lg:px-1 xl:px-5 md:max-w-3xl lg:max-w-[40rem] xl:max-w-[48rem] group final-completion\">\n<div class=\"flex-shrink-0 flex flex-col relative items-end\">\n<div>\n<div class=\"pt-0.5\">\n<div class=\"gizmo-shadow-stroke flex h-6 w-6 items-center justify-center overflow-hidden rounded-full\">\n<div class=\"relative p-1 rounded-sm h-9 w-9 text-white flex items-center justify-center\"><\/div>\n<\/div>\n<\/div>\n<\/div>\n<\/div>\n<\/div>\n<\/div>\n<\/div>\n<p>[\/et_pb_blurb][\/et_pb_column][\/et_pb_row][\/et_pb_section][et_pb_section fb_built=&#8221;1&#8243; custom_padding_last_edited=&#8221;on|phone&#8221; admin_label=&#8221;About&#8221; _builder_version=&#8221;4.19.4&#8243; _module_preset=&#8221;default&#8221; background_color=&#8221;#FFFFFF&#8221; background_enable_image=&#8221;off&#8221; custom_padding=&#8221;150px||150px||true|false&#8221; custom_padding_tablet=&#8221;80px||80px||true|false&#8221; custom_padding_phone=&#8221;50px||50px||true|false&#8221; global_colors_info=&#8221;{%22gcid-3f11ce70-d83b-4c70-bcdc-193eab5653a8%22:%91%93,%22gcid-9b6d33f9-def0-4b28-b6f6-d4797450b15e%22:%91%93}&#8221;][et_pb_row _builder_version=&#8221;4.19.4&#8243; _module_preset=&#8221;default&#8221; global_colors_info=&#8221;{}&#8221;][et_pb_column type=&#8221;4_4&#8243; _builder_version=&#8221;4.16&#8243; _module_preset=&#8221;default&#8221; global_colors_info=&#8221;{}&#8221;][et_pb_text _builder_version=&#8221;4.19.4&#8243; _module_preset=&#8221;ff6010ed-8333-42ba-9eaa-c589a4f31085&#8243; header_2_font=&#8221;Kumbh Sans|700|||||||&#8221; header_2_text_color=&#8221;#000000&#8243; header_2_font_size=&#8221;130px&#8221; header_2_line_height=&#8221;1.2em&#8221; header_2_font_size_tablet=&#8221;65px&#8221; header_2_font_size_phone=&#8221;36px&#8221; header_2_font_size_last_edited=&#8221;on|phone&#8221; global_colors_info=&#8221;{}&#8221;]<\/p>\n<h2>Painting fundamentals<\/h2>\n<p>&nbsp;<\/p>\n<p>[\/et_pb_text][\/et_pb_column][\/et_pb_row][et_pb_row column_structure=&#8221;3_5,2_5&#8243; custom_padding_last_edited=&#8221;on|phone&#8221; _builder_version=&#8221;4.19.4&#8243; _module_preset=&#8221;default&#8221; background_color=&#8221;#000000&#8243; custom_padding=&#8221;60px|60px|60px|60px|true|true&#8221; custom_padding_tablet=&#8221;30px|40px|30px|40px|true|true&#8221; custom_padding_phone=&#8221;|20px||20px|false|true&#8221; border_radii=&#8221;on|20px|20px|20px|20px&#8221; box_shadow_style=&#8221;preset3&#8243; box_shadow_vertical=&#8221;64px&#8221; box_shadow_blur=&#8221;40px&#8221; box_shadow_spread=&#8221;-24px&#8221; box_shadow_color=&#8221;rgba(0,0,0,0.5)&#8221; global_colors_info=&#8221;{%22gcid-9b6d33f9-def0-4b28-b6f6-d4797450b15e%22:%91%93,%22gcid-e9cf049c-a19c-439f-a6f5-4d50714a124d%22:%91%93,%22gcid-b891c937-c256-45e5-b832-f41a43349cb5%22:%91%93}&#8221;][et_pb_column type=&#8221;3_5&#8243; _builder_version=&#8221;4.16&#8243; _module_preset=&#8221;default&#8221; global_colors_info=&#8221;{}&#8221;][et_pb_text _builder_version=&#8221;4.19.4&#8243; _module_preset=&#8221;7d59c7f9-fac0-4ece-80e8-b60ee27645eb&#8221; text_font=&#8221;PT Serif||||||||&#8221; text_font_size=&#8221;20px&#8221; text_line_height=&#8221;1.9em&#8221; background_layout=&#8221;dark&#8221; text_font_size_tablet=&#8221;16px&#8221; text_font_size_phone=&#8221;14px&#8221; text_font_size_last_edited=&#8221;on|desktop&#8221; locked=&#8221;off&#8221; global_colors_info=&#8221;{}&#8221;]<\/p>\n<p style=\"text-align: justify;\">The course offers a three-month journey into the world of painting as a means of visual expression, addressing the understanding of the fundamentals of creating a painted work. Participants will acquire basic knowledge of composition and color theory, and will have the opportunity to explore various painting techniques. All these aspects will ultimately contribute to the enhancement of aesthetic sensitivity.<\/p>\n<p>[\/et_pb_text][\/et_pb_column][et_pb_column type=&#8221;2_5&#8243; _builder_version=&#8221;4.19.4&#8243; _module_preset=&#8221;default&#8221; global_colors_info=&#8221;{}&#8221;][et_pb_team_member name=&#8221;Kateryna Sierova&#8221; position=&#8221;Pictor&#8221; image_url=&#8221;https:\/\/cultura.fitt.ro\/wp-content\/uploads\/2023\/12\/WhatsApp-Image-2023-12-12-at-2.17.29-PM.jpeg&#8221; _builder_version=&#8221;4.19.4&#8243; _module_preset=&#8221;default&#8221; header_text_color=&#8221;#FFFFFF&#8221; custom_padding=&#8221;||0px|||&#8221; border_radii_image=&#8221;on|292px|292px|292px|292px&#8221; global_colors_info=&#8221;{}&#8221;]<\/p>\n<p><span>sierova.kateryna<\/span>@fitt.ro<\/p>\n<p>[\/et_pb_team_member][et_pb_accordion open_toggle_text_color=&#8221;#000000&#8243; open_toggle_background_color=&#8221;#FEBD2D&#8221; closed_toggle_background_color=&#8221;rgba(255,255,255,0.1)&#8221; icon_color=&#8221;#FEBD2D&#8221; _builder_version=&#8221;4.19.4&#8243; _module_preset=&#8221;default&#8221; toggle_text_color=&#8221;#FFFFFF&#8221; toggle_font=&#8221;PT Serif|700|||||||&#8221; toggle_font_size=&#8221;20px&#8221; toggle_line_height=&#8221;1.8em&#8221; body_font=&#8221;|600|||||||&#8221; body_text_color=&#8221;rgba(0,0,0,0.6)&#8221; body_font_size=&#8221;16px&#8221; body_line_height=&#8221;1.8em&#8221; link_option_url_new_window=&#8221;on&#8221; border_radii=&#8221;on|10px|10px|10px|10px&#8221; border_width_all=&#8221;0px&#8221; global_colors_info=&#8221;{}&#8221;][et_pb_accordion_item title=&#8221;Durata curs&#8221; open=&#8221;on&#8221; _builder_version=&#8221;4.19.4&#8243; _module_preset=&#8221;default&#8221; global_colors_info=&#8221;{}&#8221;]<\/p>\n<p>one hour and thirty minutes a week<\/p>\n<p>[\/et_pb_accordion_item][et_pb_accordion_item title=&#8221;Perioada desfasurare&#8221; _builder_version=&#8221;4.19.4&#8243; _module_preset=&#8221;default&#8221; global_colors_info=&#8221;{}&#8221; open=&#8221;off&#8221;]<\/p>\n<p>The exact period will be announced soon.<\/p>\n<p class=\" translation-block\">Group 1 (10 - 14 years old) : every <strong>Tuesday<\/strong>, from <strong>17:00 to 18:30<\/strong><\/p>\n<p class=\" translation-block\">Group 1 (15 - 19 years old) : every <strong>Wednesday<\/strong>, from <strong>17:00 to 18:30<\/strong><\/p>\n<p>[\/et_pb_accordion_item][et_pb_accordion_item title=&#8221;Locuri disponibile&#8221; _builder_version=&#8221;4.16&#8243; _module_preset=&#8221;default&#8221; global_colors_info=&#8221;{}&#8221; open=&#8221;off&#8221;]<\/p>\n<p><strong>Group 1<\/strong><br \/>10 - 14 years old: 10 spots<\/p>\n<p><strong>Group 2<\/strong><br \/>15 - 18 years old: 10 spots<\/p>\n<p>&nbsp;<\/p>\n<p>[\/et_pb_accordion_item][\/et_pb_accordion][et_pb_button button_url=&#8221;https:\/\/forms.office.com\/e\/ejRQ35Ttd1&#8243; button_text=&#8221;Inscrie-te&#8221; _builder_version=&#8221;4.19.4&#8243; _module_preset=&#8221;default&#8221; custom_button=&#8221;on&#8221; button_text_color=&#8221;#000000&#8243; button_bg_color=&#8221;#FFFFFF&#8221; button_border_color=&#8221;#FFFFFF&#8221; hover_enabled=&#8221;0&#8243; global_colors_info=&#8221;{}&#8221; sticky_enabled=&#8221;0&#8243;][\/et_pb_button][\/et_pb_column][\/et_pb_row][\/et_pb_section][et_pb_section fb_built=&#8221;1&#8243; _builder_version=&#8221;4.19.4&#8243; _module_preset=&#8221;default&#8221; global_colors_info=&#8221;{}&#8221;][et_pb_row _builder_version=&#8221;4.19.4&#8243; _module_preset=&#8221;default&#8221; global_colors_info=&#8221;{}&#8221;][et_pb_column type=&#8221;4_4&#8243; _builder_version=&#8221;4.19.4&#8243; _module_preset=&#8221;default&#8221; global_colors_info=&#8221;{}&#8221;][et_pb_gallery gallery_ids=&#8221;22066,22067,22068,22069,22070,22071,22072,22073,22074&#8243; show_title_and_caption=&#8221;off&#8221; show_pagination=&#8221;off&#8221; _builder_version=&#8221;4.19.4&#8243; _module_preset=&#8221;default&#8221; global_colors_info=&#8221;{}&#8221;][\/et_pb_gallery][\/et_pb_column][\/et_pb_row][\/et_pb_section][et_pb_section fb_built=&#8221;1&#8243; admin_label=&#8221;Testimonials&#8221; _builder_version=&#8221;4.19.4&#8243; _module_preset=&#8221;default&#8221; background_color=&#8221;#43535E&#8221; background_enable_image=&#8221;off&#8221; background_last_edited=&#8221;on|tablet&#8221; use_background_color_gradient_tablet=&#8221;on&#8221; background_color_gradient_stops_tablet=&#8221;rgba(246,240,231,0.8) 0%|rgba(246,240,231,0.8) 100%&#8221; background_color_gradient_overlays_image_tablet=&#8221;on&#8221; background_color_gradient_start_tablet=&#8221;rgba(246,240,231,0.8)&#8221; background_color_gradient_end_tablet=&#8221;rgba(246,240,231,0.8)&#8221; global_colors_info=&#8221;{}&#8221;][et_pb_row column_structure=&#8221;3_5,2_5&#8243; _builder_version=&#8221;4.19.4&#8243; _module_preset=&#8221;default&#8221; width=&#8221;90%&#8221; box_shadow_style=&#8221;preset7&#8243; locked=&#8221;off&#8221; global_colors_info=&#8221;{}&#8221;][et_pb_column type=&#8221;3_5&#8243; _builder_version=&#8221;4.16&#8243; _module_preset=&#8221;default&#8221; global_colors_info=&#8221;{}&#8221;][et_pb_text _builder_version=&#8221;4.19.4&#8243; _module_preset=&#8221;default&#8221; text_text_color=&#8221;#FFFFFF&#8221; header_text_color=&#8221;#FFFFFF&#8221; transform_translate=&#8221;54px|22px&#8221; transform_translate_linked=&#8221;off&#8221; global_colors_info=&#8221;{}&#8221;]<\/p>\n<h1><strong>Weekly classes<\/strong><\/h1>\n<p><strong><\/strong><\/p>\n<p>1. Introductory presentation<br \/>2. First steps with watercolors<br \/>3. Still life with watercolors<br \/>4. Landscape with watercolors<br \/>5. Free composition<br \/>6. First steps with pastels<br \/>7. Still life with pastels<br \/>8. Landscape with pastels<br \/>9. Oil panting, still life<br \/>10. Landscape with oil paintings<br \/>11. Abstraction composition (free technique)<br \/>12. Abstraction composition (free technique)<\/p>\n<ol><\/ol>\n<p>[\/et_pb_text][\/et_pb_column][et_pb_column type=&#8221;2_5&#8243; _builder_version=&#8221;4.16&#8243; _module_preset=&#8221;default&#8221; global_colors_info=&#8221;{}&#8221;][\/et_pb_column][\/et_pb_row][\/et_pb_section]<\/p>","protected":false},"excerpt":{"rendered":"<p>Despre cursAcuarel\u0103| | Pictur\u0103 \u00een ulei Acest curs \u00ee\u0219i propune s\u0103 ajute participan\u021bii s\u0103 se acomodeze cu arta picturii, furniz\u00e2ndu-le \u00eencrederea de care au nevoie pentru a se exprima prin acest mediu artistic. BAZELE PICTURII &nbsp;Cursul ofer\u0103 o c\u0103l\u0103torie de trei luni \u00een lumea picturii, ca mijloc de exprimare vizual\u0103, \u0219i abordeaz\u0103 \u00een\u021belegerea fundamentelor cre\u0103rii [&hellip;]<\/p>","protected":false},"author":4,"featured_media":0,"parent":21670,"menu_order":0,"comment_status":"closed","ping_status":"closed","template":"","meta":{"_et_pb_use_builder":"on","_et_pb_old_content":"","_et_gb_content_width":"","footnotes":""},"class_list":["post-21745","page","type-page","status-publish","hentry"],"_links":{"self":[{"href":"https:\/\/cultura.fitt.ro\/en\/wp-json\/wp\/v2\/pages\/21745","targetHints":{"allow":["GET"]}}],"collection":[{"href":"https:\/\/cultura.fitt.ro\/en\/wp-json\/wp\/v2\/pages"}],"about":[{"href":"https:\/\/cultura.fitt.ro\/en\/wp-json\/wp\/v2\/types\/page"}],"author":[{"embeddable":true,"href":"https:\/\/cultura.fitt.ro\/en\/wp-json\/wp\/v2\/users\/4"}],"replies":[{"embeddable":true,"href":"https:\/\/cultura.fitt.ro\/en\/wp-json\/wp\/v2\/comments?post=21745"}],"version-history":[{"count":34,"href":"https:\/\/cultura.fitt.ro\/en\/wp-json\/wp\/v2\/pages\/21745\/revisions"}],"predecessor-version":[{"id":22204,"href":"https:\/\/cultura.fitt.ro\/en\/wp-json\/wp\/v2\/pages\/21745\/revisions\/22204"}],"up":[{"embeddable":true,"href":"https:\/\/cultura.fitt.ro\/en\/wp-json\/wp\/v2\/pages\/21670"}],"wp:attachment":[{"href":"https:\/\/cultura.fitt.ro\/en\/wp-json\/wp\/v2\/media?parent=21745"}],"curies":[{"name":"wp","href":"https:\/\/api.w.org\/{rel}","templated":true}]}}